{"id":2,"date":"2011-03-05T10:29:30","date_gmt":"2011-03-05T09:29:30","guid":{"rendered":"http:\/\/faifoo.se\/?page_id=2"},"modified":"2017-09-04T10:24:22","modified_gmt":"2017-09-04T09:24:22","slug":"hem","status":"publish","type":"page","link":"https:\/\/www.faifoo.se\/?page_id=2","title":{"rendered":"Vad g\u00f6r Faifoo"},"content":{"rendered":"<p>Allting kommunicerar.<\/p>\n<p>Faifoo Kommunikationsbyr\u00e5 levererar l\u00f6sningar p\u00e5 kommunikativa problem och m\u00f6jligheter &#8211; alltid med varum\u00e4rket i epicentrum. V\u00e5rt fokus \u00e4r kommunikations- och varum\u00e4rkesstrategi, research, id\u00e9- och konceptutveckling och copywriting.<\/p>\n","protected":false},"excerpt":{"rendered":"<p>Allting kommunicerar. Faifoo Kommunikationsbyr\u00e5 levererar l\u00f6sningar p\u00e5 kommunikativa problem och m\u00f6jligheter &#8211; alltid med varum\u00e4rket i epicentrum. V\u00e5rt fokus \u00e4r kommunikations- och varum\u00e4rkesstrategi, research, id\u00e9- och konceptutveckling och copywriting.<\/p>\n","protected":false},"author":1,"featured_media":0,"parent":0,"menu_order":1,"comment_status":"closed","ping_status":"closed","template":"","meta":{"_monsterinsights_skip_tracking":false,"_monsterinsights_sitenote_active":false,"_monsterinsights_sitenote_note":"","_monsterinsights_sitenote_category":0},"_links":{"self":[{"href":"https:\/\/www.faifoo.se\/index.php?rest_route=\/wp\/v2\/pages\/2"}],"collection":[{"href":"https:\/\/www.faifoo.se\/index.php?rest_route=\/wp\/v2\/pages"}],"about":[{"href":"https:\/\/www.faifoo.se\/index.php?rest_route=\/wp\/v2\/types\/page"}],"author":[{"embeddable":true,"href":"https:\/\/www.faifoo.se\/index.php?rest_route=\/wp\/v2\/users\/1"}],"replies":[{"embeddable":true,"href":"https:\/\/www.faifoo.se\/index.php?rest_route=%2Fwp%2Fv2%2Fcomments&post=2"}],"version-history":[{"count":13,"href":"https:\/\/www.faifoo.se\/index.php?rest_route=\/wp\/v2\/pages\/2\/revisions"}],"predecessor-version":[{"id":265,"href":"https:\/\/www.faifoo.se\/index.php?rest_route=\/wp\/v2\/pages\/2\/revisions\/265"}],"wp:attachment":[{"href":"https:\/\/www.faifoo.se\/index.php?rest_route=%2Fwp%2Fv2%2Fmedia&parent=2"}],"curies":[{"name":"wp","href":"https:\/\/api.w.org\/{rel}","templated":true}]}}