{"id":165,"date":"2015-06-02T16:32:15","date_gmt":"2015-06-02T15:32:15","guid":{"rendered":"http:\/\/www.faifoo.se\/?page_id=165"},"modified":"2015-08-18T00:29:31","modified_gmt":"2015-08-17T23:29:31","slug":"skribent","status":"publish","type":"page","link":"https:\/\/www.faifoo.se\/?page_id=165","title":{"rendered":"Skribent"},"content":{"rendered":"<p>Artiklar, intervjuer, pressreleaser, reportage, f\u00f6retagspresentationer, faktatexter eller personportr\u00e4tt. Faifoo skriver, redigerar, \u00f6vers\u00e4tter och uppdaterar aktuella, l\u00e4sv\u00e4rda texter.<\/p>\n<ul>\n<li><a href=\"http:\/\/www.faifoo.se\/?p=216\" target=\"_blank\">Smart val att s\u00e4kra pensionen, kundtidning finans<\/a><\/li>\n<li><a href=\"http:\/\/www.faifoo.se\/?p=211\" target=\"_blank\">Tigrarna i Ranthambhore, resereportage Indien, fritt uppdrag<\/a><\/li>\n<li><a href=\"http:\/\/www.faifoo.se\/?p=201\" target=\"_blank\">Portr\u00e4tt syster Antonia, Mariavalls kloster, fritt uppdrag<\/a><\/li>\n<li><a href=\"http:\/\/www.faifoo.se\/?p=197\" target=\"_blank\">Portr\u00e4tt Thomas Hansson, Stenshuvud nationalpark, kundtidning<\/a><\/li>\n<li><a href=\"http:\/\/www.faifoo.se\/?p=207\" target=\"_blank\">Riskfyllt kaos efter Gudruns framfart, kundtidning<\/a><\/li>\n<li><a href=\"http:\/\/www.faifoo.se\/?p=248\">Granskogens framtid oviss, kundtidning<\/a><\/li>\n<li><a href=\"http:\/\/www.faifoo.se\/?p=244\">Textillegenden Hans Krondahl tillbaka i Andrarum, kundtidning<\/a><\/li>\n<li><a href=\"http:\/\/www.faifoo.se\/?p=222\" target=\"_blank\">Tillv\u00e4xt p\u00e5 r\u00e4tt s\u00e4tt, artikel Event in Sk\u00e5ne<\/a><\/li>\n<li><a href=\"http:\/\/www.faifoo.se\/?p=226\" target=\"_blank\">Bejaka kraften i personliga m\u00f6ten, artikel Event in Sk\u00e5ne<\/a><\/li>\n<li><a href=\"http:\/\/www.faifoo.se\/?p=234\" target=\"_blank\">Handbollsfeber p\u00e5 Sk\u00e5nska arenor, artikel Event in Sk\u00e5ne<\/a><\/li>\n<li><a href=\"http:\/\/www.faifoo.se\/?p=236\" target=\"_blank\">H\u00e4ndelserika st\u00e4der, artikel Event in Sk\u00e5ne<\/a><\/li>\n<\/ul>\n","protected":false},"excerpt":{"rendered":"<p>Artiklar, intervjuer, pressreleaser, reportage, f\u00f6retagspresentationer, faktatexter eller personportr\u00e4tt. Faifoo skriver, redigerar, \u00f6vers\u00e4tter och uppdaterar aktuella, l\u00e4sv\u00e4rda texter. Smart val att s\u00e4kra pensionen, kundtidning finans Tigrarna i Ranthambhore, resereportage Indien, fritt uppdrag Portr\u00e4tt syster Antonia, Mariavalls kloster, fritt uppdrag Portr\u00e4tt Thomas Hansson, Stenshuvud nationalpark, kundtidning Riskfyllt kaos efter Gudruns framfart, kundtidning Granskogens framtid oviss, kundtidning Textillegenden [&hellip;]<\/p>\n","protected":false},"author":1,"featured_media":0,"parent":0,"menu_order":2,"comment_status":"closed","ping_status":"closed","template":"","meta":{"_monsterinsights_skip_tracking":false,"_monsterinsights_sitenote_active":false,"_monsterinsights_sitenote_note":"","_monsterinsights_sitenote_category":0},"_links":{"self":[{"href":"https:\/\/www.faifoo.se\/index.php?rest_route=\/wp\/v2\/pages\/165"}],"collection":[{"href":"https:\/\/www.faifoo.se\/index.php?rest_route=\/wp\/v2\/pages"}],"about":[{"href":"https:\/\/www.faifoo.se\/index.php?rest_route=\/wp\/v2\/types\/page"}],"author":[{"embeddable":true,"href":"https:\/\/www.faifoo.se\/index.php?rest_route=\/wp\/v2\/users\/1"}],"replies":[{"embeddable":true,"href":"https:\/\/www.faifoo.se\/index.php?rest_route=%2Fwp%2Fv2%2Fcomments&post=165"}],"version-history":[{"count":12,"href":"https:\/\/www.faifoo.se\/index.php?rest_route=\/wp\/v2\/pages\/165\/revisions"}],"predecessor-version":[{"id":251,"href":"https:\/\/www.faifoo.se\/index.php?rest_route=\/wp\/v2\/pages\/165\/revisions\/251"}],"wp:attachment":[{"href":"https:\/\/www.faifoo.se\/index.php?rest_route=%2Fwp%2Fv2%2Fmedia&parent=165"}],"curies":[{"name":"wp","href":"https:\/\/api.w.org\/{rel}","templated":true}]}}